{"id":3217,"date":"2025-03-13T06:11:32","date_gmt":"2025-03-13T06:11:32","guid":{"rendered":"https:\/\/wthh51e88w.onrocket.site\/politique-de-confidentialite\/"},"modified":"2025-06-25T08:04:25","modified_gmt":"2025-06-25T08:04:25","slug":"politique-de-confidentialite","status":"publish","type":"page","link":"https:\/\/inwurx.com\/fr\/politique-de-confidentialite\/","title":{"rendered":"Politique de confidentialit\u00e9"},"content":{"rendered":"\t\t<div data-elementor-type=\"wp-page\" data-elementor-id=\"3217\" class=\"elementor elementor-3217 elementor-3\">\n\t\t\t\t<div class=\"elementor-element elementor-element-fb772c0 e-flex e-con-boxed e-con e-parent\" data-id=\"fb772c0\" data-element_type=\"container\" data-e-type=\"container\" data-settings=\"{&quot;background_background&quot;:&quot;classic&quot;}\">\n\t\t\t\t\t<div class=\"e-con-inner\">\n\t\t\t\t<div class=\"elementor-element elementor-element-7c00326 elementor-widget elementor-widget-heading\" data-id=\"7c00326\" data-element_type=\"widget\" data-e-type=\"widget\" data-widget_type=\"heading.default\">\n\t\t\t\t<div class=\"elementor-widget-container\">\n\t\t\t\t\t<h2 class=\"elementor-heading-title elementor-size-default\">Politique de confidentialit\u00e9<\/h2>\t\t\t\t<\/div>\n\t\t\t\t<\/div>\n\t\t\t\t\t<\/div>\n\t\t\t\t<\/div>\n\t\t<div class=\"elementor-element elementor-element-37cdea68 e-flex e-con-boxed e-con e-parent\" data-id=\"37cdea68\" data-element_type=\"container\" data-e-type=\"container\" data-settings=\"{&quot;background_background&quot;:&quot;classic&quot;}\">\n\t\t\t\t\t<div class=\"e-con-inner\">\n\t\t\t\t<div class=\"elementor-element elementor-element-4d39365e elementor-widget elementor-widget-text-editor\" data-id=\"4d39365e\" data-element_type=\"widget\" data-e-type=\"widget\" data-widget_type=\"text-editor.default\">\n\t\t\t\t<div class=\"elementor-widget-container\">\n\t\t\t\t\t\t\t\t\t\n<p>Chez Inwurx, nous nous engageons \u00e0 prot\u00e9ger la vie priv\u00e9e des utilisateurs en ligne. La pr\u00e9sente \u00ab politique de confidentialit\u00e9 \u00bb d\u00e9crit les pratiques en mati\u00e8re de confidentialit\u00e9 qui r\u00e9gissent la collecte, l&#8217;utilisation et la divulgation d&#8217;informations. Afin de garantir le respect de votre vie priv\u00e9e, les informations que nous recueillons ne sont utilis\u00e9es que de la mani\u00e8re et aux fins d\u00e9crites ci-dessous.  <\/p>\n<p><strong>Informations anonymes sur l&#8217;utilisateur<\/strong>: Inwurx recueille certaines informations anonymes chaque fois que vous visitez Inwurx.com afin d&#8217;am\u00e9liorer la qualit\u00e9 globale de votre exp\u00e9rience en ligne. Nous recueillons votre adresse IP, les donn\u00e9es de r\u00e9f\u00e9rence, ainsi que le type de navigateur et de plate-forme. Vous n&#8217;avez pas besoin de vous enregistrer aupr\u00e8s d&#8217;Inwurx pour que nous puissions collecter ces informations anonymes. Nous ne recueillons aucune information unique vous concernant (comme votre nom, votre adresse \u00e9lectronique, etc.), sauf si vous fournissez sp\u00e9cifiquement et en toute connaissance de cause ces informations. Inwurx ne vous demande pas de partager des informations qui vous identifient personnellement, comme votre nom ou votre adresse \u00e9lectronique, pour vous permettre d&#8217;utiliser le site Web d&#8217;Inwurx. Inwurx attribue un num\u00e9ro d&#8217;identification anonyme \u00e0 vos demandes et associe \u00e0 ce num\u00e9ro les donn\u00e9es suppl\u00e9mentaires suivantes : la date et l&#8217;heure de votre visite sur Inwurx, vos termes de recherche et les liens sur lesquels vous avez choisi de cliquer. Comme la plupart des serveurs de sites Web standard, nous utilisons des fichiers journaux pour collecter et stocker ces informations anonymes sur les utilisateurs. Nous analysons ces informations pour examiner les tendances, administrer le site, suivre les mouvements des utilisateurs dans l&#8217;ensemble et recueillir des informations d\u00e9mographiques g\u00e9n\u00e9rales pour une utilisation globale. Inwurx peut pr\u00e9senter des liens dans un format qui nous permet de comprendre s&#8217;ils ont \u00e9t\u00e9 suivis. Nous utilisons ces informations pour comprendre et am\u00e9liorer la qualit\u00e9 de la recherche sur Inwurx.         <\/p>\n<p><strong>Cookies :<\/strong> Nous utilisons une fonction des navigateurs Internet appel\u00e9e \u00ab cookie \u00bb, qui est un petit fichier envoy\u00e9 \u00e0 votre ordinateur lorsque vous visitez un site web. Cela nous permet de m\u00e9moriser les pr\u00e9f\u00e9rences de l&#8217;utilisateur et de suivre les tendances et les mod\u00e8les de recherche de l&#8217;utilisateur. Nous utilisons les cookies pour am\u00e9liorer la qualit\u00e9 des services Inwurx et pour mieux comprendre comment les utilisateurs interagissent avec nous. Nous n&#8217;utilisons pas et ne pouvons pas utiliser les cookies pour extraire de votre ordinateur des informations individuelles permettant de vous identifier, \u00e0 moins que vous n&#8217;ayez fourni ces informations en toute connaissance de cause et de votre plein gr\u00e9. La technologie des cookies que nous utilisons ne peut pas obtenir d&#8217;informations de votre disque dur ou transmettre un virus informatique. Vous pouvez r\u00e9initialiser votre navigateur pour qu&#8217;il refuse tous les cookies ou pour qu&#8217;il vous indique quand un cookie est envoy\u00e9. Toutefois, certaines fonctions ou certains services d&#8217;Inwurx peuvent ne pas fonctionner correctement sans cookies.      <\/p>\n<p><strong>S\u00e9curit\u00e9 de l&#8217;information :<\/strong> Nous prenons des mesures de s\u00e9curit\u00e9 appropri\u00e9es pour prot\u00e9ger les donn\u00e9es contre tout acc\u00e8s non autoris\u00e9 ou toute modification, divulgation ou destruction non autoris\u00e9e. Nous limitons l&#8217;acc\u00e8s \u00e0 vos informations d&#8217;identification personnelle aux employ\u00e9s qui ont besoin de les conna\u00eetre pour exploiter, d\u00e9velopper ou am\u00e9liorer nos services. <\/p>\n<p><strong>Informations g\u00e9n\u00e9rales agr\u00e9g\u00e9es<\/strong>: Nous pouvons partager des informations g\u00e9n\u00e9rales agr\u00e9g\u00e9es sur notre site avec nos partenaires commerciaux ou d&#8217;autres personnes. Il peut s&#8217;agir, par exemple, du nombre d&#8217;utilisateurs qui ont cherch\u00e9 \u00ab optimisation SEO \u00bb, du nombre quotidien de visiteurs uniques ou du nombre d&#8217;utilisateurs qui ont cliqu\u00e9 sur une publicit\u00e9 particuli\u00e8re. Les donn\u00e9es agr\u00e9g\u00e9es ne contiennent aucune information personnelle identifiable qui pourrait \u00eatre utilis\u00e9e pour vous contacter ou vous identifier. Partage d&#8217;informations Nous pouvons partager des informations d&#8217;identification personnelle avec d&#8217;autres soci\u00e9t\u00e9s ou individus dans les circonstances limit\u00e9es suivantes :   <\/p>\n<ul>\n<li>Nous avons votre consentement.<\/li>\n<li>Nous fournissons ces informations \u00e0 des entreprises ou des personnes de confiance dans le seul but de traiter des informations d&#8217;identification personnelle en notre nom. Dans ce cas, nous concluons des accords qui obligent ces parties \u00e0 traiter ces informations uniquement selon nos instructions et dans le respect de la pr\u00e9sente politique de protection de la vie priv\u00e9e et des mesures de confidentialit\u00e9 et de s\u00e9curit\u00e9 appropri\u00e9es. <\/li>\n<li>Lorsque la loi l&#8217;exige et que nous croyons de bonne foi qu&#8217;une telle action est n\u00e9cessaire pour se conformer \u00e0 une proc\u00e9dure judiciaire en cours, \u00e0 une enqu\u00eate criminelle, \u00e0 une ordonnance d&#8217;un tribunal ou \u00e0 une proc\u00e9dure judiciaire signifi\u00e9e \u00e0 notre site Web. Nous pouvons \u00e9galement partager vos informations personnelles si nous estimons que cela est n\u00e9cessaire pour enqu\u00eater, pr\u00e9venir ou prendre des mesures concernant des activit\u00e9s ill\u00e9gales, des suspicions de fraude, des situations impliquant des menaces potentielles pour la s\u00e9curit\u00e9 physique de toute personne, des violations des conditions d&#8217;utilisation d&#8217;Inwurx, ou si la loi l&#8217;exige. <\/li>\n<li>Si vous disposez d&#8217;un compte, nous pouvons partager les informations soumises dans le cadre de votre compte entre tous nos services afin de vous offrir une exp\u00e9rience homog\u00e8ne et d&#8217;am\u00e9liorer la qualit\u00e9 de nos services. Nous ne divulguerons pas les informations relatives \u00e0 votre compte \u00e0 d&#8217;autres personnes ou \u00e0 des soci\u00e9t\u00e9s non affili\u00e9es, sauf dans les circonstances limit\u00e9es d\u00e9crites dans la pr\u00e9sente politique ou avec votre consentement. <\/li>\n<li>Nous pouvons stocker et traiter les renseignements personnels recueillis sur notre site au Canada ou dans tout autre pays o\u00f9 Inwurx ou ses agents ont des installations. En utilisant nos services, vous consentez au transfert de vos renseignements entre ces installations, y compris celles situ\u00e9es \u00e0 l&#8217;ext\u00e9rieur de votre pays. <\/li>\n<li>Nous pouvons faire appel \u00e0 des prestataires de services tiers pour diffuser des annonces et des courriers \u00e9lectroniques en notre nom. Ces soci\u00e9t\u00e9s peuvent utiliser des technologies pour mesurer l&#8217;efficacit\u00e9 des publicit\u00e9s et des courriels et utiliser des informations sur vos visites \u00e0 Inwurx afin que nous puissions offrir une meilleure exp\u00e9rience \u00e0 l&#8217;utilisateur. \u00c0 cette fin, nous pouvons \u00e9galement fournir \u00e0 ces prestataires de services tiers des informations anonymes sur votre navigation sur le site.  <\/li>\n<li>Nous pouvons partager certaines informations vous concernant avec des partenaires commerciaux soigneusement s\u00e9lectionn\u00e9s, y compris ceux qui peuvent offrir des services compl\u00e9mentaires \u00e0 ceux que nous fournissons ou dont nous pensons qu&#8217;ils peuvent vous int\u00e9resser. Nous pouvons \u00e9galement divulguer des informations \u00e0 des tiers qui nous aident \u00e0 vous fournir nos services. Par exemple, nous pouvons engager des tiers pour apporter des am\u00e9liorations \u00e0 notre site, proposer de nouveaux produits et nous permettre de personnaliser votre exp\u00e9rience sur le site.  <\/li>\n<\/ul>\n<p><strong>Correspondance<\/strong>: Si vous contactez Inwurx, nous pouvons conserver un enregistrement de cette correspondance et nous pouvons collecter votre adresse \u00e9lectronique.<\/p>\n<p><strong>Collecte d&#8217;informations par des tiers :<\/strong> Inwurx comprend du contenu et des scripts de tiers qui peuvent effectuer un suivi de l&#8217;activit\u00e9 de l&#8217;utilisateur autre que celui d\u00e9crit dans le pr\u00e9sent document. Ces autres sites peuvent placer leurs propres cookies sur votre ordinateur, collecter des donn\u00e9es ou solliciter des informations personnelles. Pour plus d&#8217;informations sur chaque fournisseur de contenu tiers, sur les cookies et sur la mani\u00e8re de se d\u00e9sengager, veuillez consulter la politique de confidentialit\u00e9 de l&#8217;annonceur tiers en question.  <\/p>\n<p>Inwurx contient des liens vers d&#8217;autres sites sur le Web. Sachez qu&#8217;Inwurx n&#8217;est pas responsable des pratiques de ces autres sites en mati\u00e8re de protection de la vie priv\u00e9e. Nous encourageons nos utilisateurs \u00e0 \u00eatre attentifs lorsqu&#8217;ils quittent notre site et \u00e0 lire les d\u00e9clarations de confidentialit\u00e9 de chaque site Web qui recueille des informations personnellement identifiables. La pr\u00e9sente d\u00e9claration de confidentialit\u00e9 s&#8217;applique uniquement aux informations collect\u00e9es par ce site Web.   <\/p>\n<p><strong>Protection de la vie priv\u00e9e des enfants :<\/strong> Inwurx ne demande ni ne recueille sciemment des informations personnelles identifiables en ligne ou hors ligne aupr\u00e8s d&#8217;utilisateurs de moins de 13 ans, et n&#8217;utilise ni ne partage sciemment avec des tiers des informations personnelles provenant d&#8217;utilisateurs de moins de 13 ans.<\/p>\n<p><strong>Vente d&#8217;actifs<\/strong>: Si une autre soci\u00e9t\u00e9 acquiert la totalit\u00e9 ou la quasi-totalit\u00e9 des actifs li\u00e9s \u00e0 l&#8217;activit\u00e9 d&#8217;Inwurx, nous nous r\u00e9servons le droit d&#8217;inclure tout ou partie des informations personnelles stock\u00e9es dans les actifs transf\u00e9r\u00e9s \u00e0 la soci\u00e9t\u00e9 acqu\u00e9reuse.<\/p>\n<p><strong>Modifications de la politique de confidentialit\u00e9 :<\/strong> Nous nous r\u00e9servons le droit de modifier ou de r\u00e9viser cette politique de confidentialit\u00e9 de temps \u00e0 autre. Nous publierons ces modifications sur cette page. L&#8217;utilisation des informations que nous recueillons actuellement est soumise \u00e0 la politique de confidentialit\u00e9 en vigueur au moment o\u00f9 les informations sont utilis\u00e9es.  <\/p>\t\t\t\t\t\t\t\t<\/div>\n\t\t\t\t<\/div>\n\t\t\t\t\t<\/div>\n\t\t\t\t<\/div>\n\t\t\t\t<\/div>\n\t\t","protected":false},"excerpt":{"rendered":"<p>Politique de confidentialit\u00e9 Chez Inwurx, nous nous engageons \u00e0 prot\u00e9ger la vie priv\u00e9e des utilisateurs en ligne. La pr\u00e9sente \u00ab politique de confidentialit\u00e9 \u00bb d\u00e9crit les pratiques en mati\u00e8re de confidentialit\u00e9 qui r\u00e9gissent la collecte, l&#8217;utilisation et la divulgation d&#8217;informations. Afin de garantir le respect de votre vie priv\u00e9e, les informations que nous recueillons ne [&hellip;]<\/p>\n","protected":false},"author":1,"featured_media":0,"parent":0,"menu_order":0,"comment_status":"closed","ping_status":"open","template":"","meta":{"footnotes":""},"class_list":["post-3217","page","type-page","status-publish","hentry"],"yoast_head":"<!-- This site is optimized with the Yoast SEO plugin v27.3 - https:\/\/yoast.com\/product\/yoast-seo-wordpress\/ -->\n<title>Politique de confidentialit\u00e9 - Inwurx<\/title>\n<meta name=\"robots\" content=\"index, follow, max-snippet:-1, max-image-preview:large, max-video-preview:-1\" \/>\n<link rel=\"canonical\" href=\"https:\/\/inwurx.com\/privacy-policy\/\" \/>\n<meta property=\"og:locale\" content=\"fr_FR\" \/>\n<meta property=\"og:type\" content=\"article\" \/>\n<meta property=\"og:title\" content=\"Politique de confidentialit\u00e9 - Inwurx\" \/>\n<meta property=\"og:description\" content=\"Politique de confidentialit\u00e9 Chez Inwurx, nous nous engageons \u00e0 prot\u00e9ger la vie priv\u00e9e des utilisateurs en ligne. La pr\u00e9sente \u00ab politique de confidentialit\u00e9 \u00bb d\u00e9crit les pratiques en mati\u00e8re de confidentialit\u00e9 qui r\u00e9gissent la collecte, l&#8217;utilisation et la divulgation d&#8217;informations. Afin de garantir le respect de votre vie priv\u00e9e, les informations que nous recueillons ne [&hellip;]\" \/>\n<meta property=\"og:url\" content=\"https:\/\/inwurx.com\/privacy-policy\/\" \/>\n<meta property=\"og:site_name\" content=\"Inwurx\" \/>\n<meta property=\"article:modified_time\" content=\"2025-06-25T08:04:25+00:00\" \/>\n<meta name=\"twitter:card\" content=\"summary_large_image\" \/>\n<meta name=\"twitter:label1\" content=\"Est. reading time\" \/>\n\t<meta name=\"twitter:data1\" content=\"7 minutes\" \/>\n<script type=\"application\/ld+json\" class=\"yoast-schema-graph\">{\"@context\":\"https:\\\/\\\/schema.org\",\"@graph\":[{\"@type\":\"WebPage\",\"@id\":\"https:\\\/\\\/inwurx.com\\\/privacy-policy\\\/\",\"url\":\"https:\\\/\\\/inwurx.com\\\/privacy-policy\\\/\",\"name\":\"Politique de confidentialit\u00e9 - Inwurx\",\"isPartOf\":{\"@id\":\"https:\\\/\\\/inwurx.com\\\/#website\"},\"datePublished\":\"2025-03-13T06:11:32+00:00\",\"dateModified\":\"2025-06-25T08:04:25+00:00\",\"breadcrumb\":{\"@id\":\"https:\\\/\\\/inwurx.com\\\/privacy-policy\\\/#breadcrumb\"},\"inLanguage\":\"fr-FR\",\"potentialAction\":[{\"@type\":\"ReadAction\",\"target\":[\"https:\\\/\\\/inwurx.com\\\/privacy-policy\\\/\"]}]},{\"@type\":\"BreadcrumbList\",\"@id\":\"https:\\\/\\\/inwurx.com\\\/privacy-policy\\\/#breadcrumb\",\"itemListElement\":[{\"@type\":\"ListItem\",\"position\":1,\"name\":\"Home\",\"item\":\"https:\\\/\\\/inwurx.com\\\/fr\\\/\"},{\"@type\":\"ListItem\",\"position\":2,\"name\":\"Politique de confidentialit\u00e9\"}]},{\"@type\":\"WebSite\",\"@id\":\"https:\\\/\\\/inwurx.com\\\/#website\",\"url\":\"https:\\\/\\\/inwurx.com\\\/\",\"name\":\"Inwurx\",\"description\":\"E-Commerce Growth &amp; PPC Experts Since 2013\",\"publisher\":{\"@id\":\"https:\\\/\\\/inwurx.com\\\/#organization\"},\"potentialAction\":[{\"@type\":\"SearchAction\",\"target\":{\"@type\":\"EntryPoint\",\"urlTemplate\":\"https:\\\/\\\/inwurx.com\\\/?s={search_term_string}\"},\"query-input\":{\"@type\":\"PropertyValueSpecification\",\"valueRequired\":true,\"valueName\":\"search_term_string\"}}],\"inLanguage\":\"fr-FR\"},{\"@type\":\"Organization\",\"@id\":\"https:\\\/\\\/inwurx.com\\\/#organization\",\"name\":\"Inwurx\",\"url\":\"https:\\\/\\\/inwurx.com\\\/\",\"logo\":{\"@type\":\"ImageObject\",\"inLanguage\":\"fr-FR\",\"@id\":\"https:\\\/\\\/inwurx.com\\\/#\\\/schema\\\/logo\\\/image\\\/\",\"url\":\"https:\\\/\\\/inwurx.com\\\/wp-content\\\/uploads\\\/2025\\\/08\\\/cropped-inwurx-logo-trademark-light.png\",\"contentUrl\":\"https:\\\/\\\/inwurx.com\\\/wp-content\\\/uploads\\\/2025\\\/08\\\/cropped-inwurx-logo-trademark-light.png\",\"width\":378,\"height\":108,\"caption\":\"Inwurx\"},\"image\":{\"@id\":\"https:\\\/\\\/inwurx.com\\\/#\\\/schema\\\/logo\\\/image\\\/\"}}]}<\/script>\n<!-- \/ Yoast SEO plugin. -->","yoast_head_json":{"title":"Politique de confidentialit\u00e9 - Inwurx","robots":{"index":"index","follow":"follow","max-snippet":"max-snippet:-1","max-image-preview":"max-image-preview:large","max-video-preview":"max-video-preview:-1"},"canonical":"https:\/\/inwurx.com\/privacy-policy\/","og_locale":"fr_FR","og_type":"article","og_title":"Politique de confidentialit\u00e9 - Inwurx","og_description":"Politique de confidentialit\u00e9 Chez Inwurx, nous nous engageons \u00e0 prot\u00e9ger la vie priv\u00e9e des utilisateurs en ligne. La pr\u00e9sente \u00ab politique de confidentialit\u00e9 \u00bb d\u00e9crit les pratiques en mati\u00e8re de confidentialit\u00e9 qui r\u00e9gissent la collecte, l&#8217;utilisation et la divulgation d&#8217;informations. Afin de garantir le respect de votre vie priv\u00e9e, les informations que nous recueillons ne [&hellip;]","og_url":"https:\/\/inwurx.com\/privacy-policy\/","og_site_name":"Inwurx","article_modified_time":"2025-06-25T08:04:25+00:00","twitter_card":"summary_large_image","twitter_misc":{"Est. reading time":"7 minutes"},"schema":{"@context":"https:\/\/schema.org","@graph":[{"@type":"WebPage","@id":"https:\/\/inwurx.com\/privacy-policy\/","url":"https:\/\/inwurx.com\/privacy-policy\/","name":"Politique de confidentialit\u00e9 - Inwurx","isPartOf":{"@id":"https:\/\/inwurx.com\/#website"},"datePublished":"2025-03-13T06:11:32+00:00","dateModified":"2025-06-25T08:04:25+00:00","breadcrumb":{"@id":"https:\/\/inwurx.com\/privacy-policy\/#breadcrumb"},"inLanguage":"fr-FR","potentialAction":[{"@type":"ReadAction","target":["https:\/\/inwurx.com\/privacy-policy\/"]}]},{"@type":"BreadcrumbList","@id":"https:\/\/inwurx.com\/privacy-policy\/#breadcrumb","itemListElement":[{"@type":"ListItem","position":1,"name":"Home","item":"https:\/\/inwurx.com\/fr\/"},{"@type":"ListItem","position":2,"name":"Politique de confidentialit\u00e9"}]},{"@type":"WebSite","@id":"https:\/\/inwurx.com\/#website","url":"https:\/\/inwurx.com\/","name":"Inwurx","description":"E-Commerce Growth &amp; PPC Experts Since 2013","publisher":{"@id":"https:\/\/inwurx.com\/#organization"},"potentialAction":[{"@type":"SearchAction","target":{"@type":"EntryPoint","urlTemplate":"https:\/\/inwurx.com\/?s={search_term_string}"},"query-input":{"@type":"PropertyValueSpecification","valueRequired":true,"valueName":"search_term_string"}}],"inLanguage":"fr-FR"},{"@type":"Organization","@id":"https:\/\/inwurx.com\/#organization","name":"Inwurx","url":"https:\/\/inwurx.com\/","logo":{"@type":"ImageObject","inLanguage":"fr-FR","@id":"https:\/\/inwurx.com\/#\/schema\/logo\/image\/","url":"https:\/\/inwurx.com\/wp-content\/uploads\/2025\/08\/cropped-inwurx-logo-trademark-light.png","contentUrl":"https:\/\/inwurx.com\/wp-content\/uploads\/2025\/08\/cropped-inwurx-logo-trademark-light.png","width":378,"height":108,"caption":"Inwurx"},"image":{"@id":"https:\/\/inwurx.com\/#\/schema\/logo\/image\/"}}]}},"_links":{"self":[{"href":"https:\/\/inwurx.com\/fr\/wp-json\/wp\/v2\/pages\/3217","targetHints":{"allow":["GET"]}}],"collection":[{"href":"https:\/\/inwurx.com\/fr\/wp-json\/wp\/v2\/pages"}],"about":[{"href":"https:\/\/inwurx.com\/fr\/wp-json\/wp\/v2\/types\/page"}],"author":[{"embeddable":true,"href":"https:\/\/inwurx.com\/fr\/wp-json\/wp\/v2\/users\/1"}],"replies":[{"embeddable":true,"href":"https:\/\/inwurx.com\/fr\/wp-json\/wp\/v2\/comments?post=3217"}],"version-history":[{"count":7,"href":"https:\/\/inwurx.com\/fr\/wp-json\/wp\/v2\/pages\/3217\/revisions"}],"predecessor-version":[{"id":3224,"href":"https:\/\/inwurx.com\/fr\/wp-json\/wp\/v2\/pages\/3217\/revisions\/3224"}],"wp:attachment":[{"href":"https:\/\/inwurx.com\/fr\/wp-json\/wp\/v2\/media?parent=3217"}],"curies":[{"name":"wp","href":"https:\/\/api.w.org\/{rel}","templated":true}]}}