{"id":3226,"date":"2020-01-27T08:29:32","date_gmt":"2020-01-27T08:29:32","guid":{"rendered":"https:\/\/wthh51e88w.onrocket.site\/contact\/"},"modified":"2025-06-30T10:51:44","modified_gmt":"2025-06-30T10:51:44","slug":"contact","status":"publish","type":"page","link":"https:\/\/inwurx.com\/fr\/contact\/","title":{"rendered":"Contact"},"content":{"rendered":"\t\t<div data-elementor-type=\"wp-page\" data-elementor-id=\"3226\" class=\"elementor elementor-3226 elementor-75\">\n\t\t\t\t<div class=\"elementor-element elementor-element-be841ea e-flex e-con-boxed e-con e-parent\" data-id=\"be841ea\" data-element_type=\"container\" data-e-type=\"container\" data-settings=\"{&quot;background_background&quot;:&quot;classic&quot;}\">\n\t\t\t\t\t<div class=\"e-con-inner\">\n\t\t\t\t<div class=\"elementor-element elementor-element-d4509c4 elementor-widget elementor-widget-heading\" data-id=\"d4509c4\" data-element_type=\"widget\" data-e-type=\"widget\" data-widget_type=\"heading.default\">\n\t\t\t\t<div class=\"elementor-widget-container\">\n\t\t\t\t\t<h2 class=\"elementor-heading-title elementor-size-default\">Contactez nous<\/h2>\t\t\t\t<\/div>\n\t\t\t\t<\/div>\n\t\t\t\t\t<\/div>\n\t\t\t\t<\/div>\n\t\t<div class=\"elementor-element elementor-element-91b91a3 e-flex e-con-boxed e-con e-parent\" data-id=\"91b91a3\" data-element_type=\"container\" data-e-type=\"container\" data-settings=\"{&quot;background_background&quot;:&quot;classic&quot;}\">\n\t\t\t\t\t<div class=\"e-con-inner\">\n\t\t<div class=\"elementor-element elementor-element-9dd4546 e-con-full e-flex e-con e-child\" data-id=\"9dd4546\" data-element_type=\"container\" data-e-type=\"container\" data-settings=\"{&quot;background_background&quot;:&quot;classic&quot;}\">\n\t\t\t\t<div class=\"elementor-element elementor-element-f9da600 elementor-position-top elementor-widget elementor-widget-image-box\" data-id=\"f9da600\" data-element_type=\"widget\" data-e-type=\"widget\" data-widget_type=\"image-box.default\">\n\t\t\t\t<div class=\"elementor-widget-container\">\n\t\t\t\t\t<div class=\"elementor-image-box-wrapper\"><figure class=\"elementor-image-box-img\"><img decoding=\"async\" width=\"73\" height=\"72\" src=\"https:\/\/inwurx.com\/wp-content\/uploads\/2024\/07\/neve-marketing-icon-13.png\" class=\"attachment-full size-full wp-image-943\" alt=\"\" \/><\/figure><div class=\"elementor-image-box-content\"><h3 class=\"elementor-image-box-title\">Appelez-nous<\/h3><p class=\"elementor-image-box-description\">(514) 312-2718<\/p><\/div><\/div>\t\t\t\t<\/div>\n\t\t\t\t<\/div>\n\t\t\t\t<\/div>\n\t\t<div class=\"elementor-element elementor-element-0536bd9 e-con-full e-flex e-con e-child\" data-id=\"0536bd9\" data-element_type=\"container\" data-e-type=\"container\" data-settings=\"{&quot;background_background&quot;:&quot;classic&quot;}\">\n\t\t\t\t<div class=\"elementor-element elementor-element-5d43a78 elementor-position-top elementor-widget elementor-widget-image-box\" data-id=\"5d43a78\" data-element_type=\"widget\" data-e-type=\"widget\" data-widget_type=\"image-box.default\">\n\t\t\t\t<div class=\"elementor-widget-container\">\n\t\t\t\t\t<div class=\"elementor-image-box-wrapper\"><figure class=\"elementor-image-box-img\"><img decoding=\"async\" width=\"73\" height=\"72\" src=\"https:\/\/inwurx.com\/wp-content\/uploads\/2024\/07\/neve-marketing-icon-11.png\" class=\"attachment-full size-full wp-image-941\" alt=\"\" \/><\/figure><div class=\"elementor-image-box-content\"><h3 class=\"elementor-image-box-title\">Courriel<\/h3><p class=\"elementor-image-box-description\">info@inwurx.com<\/p><\/div><\/div>\t\t\t\t<\/div>\n\t\t\t\t<\/div>\n\t\t\t\t<\/div>\n\t\t<div class=\"elementor-element elementor-element-aa5582c e-con-full e-flex e-con e-child\" data-id=\"aa5582c\" data-element_type=\"container\" data-e-type=\"container\" data-settings=\"{&quot;background_background&quot;:&quot;classic&quot;}\">\n\t\t\t\t<div class=\"elementor-element elementor-element-5156f7a elementor-position-top elementor-widget elementor-widget-image-box\" data-id=\"5156f7a\" data-element_type=\"widget\" data-e-type=\"widget\" data-widget_type=\"image-box.default\">\n\t\t\t\t<div class=\"elementor-widget-container\">\n\t\t\t\t\t<div class=\"elementor-image-box-wrapper\"><figure class=\"elementor-image-box-img\"><img decoding=\"async\" width=\"60\" height=\"60\" src=\"https:\/\/inwurx.com\/wp-content\/uploads\/2024\/07\/neve-marketing-icon-10.png\" class=\"attachment-full size-full wp-image-936\" alt=\"\" \/><\/figure><div class=\"elementor-image-box-content\"><h3 class=\"elementor-image-box-title\">Heures<\/h3><p class=\"elementor-image-box-description\">9 h - 17 h | du lundi au vendredi<\/p><\/div><\/div>\t\t\t\t<\/div>\n\t\t\t\t<\/div>\n\t\t\t\t<\/div>\n\t\t\t\t\t<\/div>\n\t\t\t\t<\/div>\n\t\t<div class=\"elementor-element elementor-element-f936ab2 e-flex e-con-boxed e-con e-parent\" data-id=\"f936ab2\" data-element_type=\"container\" data-e-type=\"container\" data-settings=\"{&quot;background_background&quot;:&quot;classic&quot;}\">\n\t\t\t\t\t<div class=\"e-con-inner\">\n\t\t<div class=\"elementor-element elementor-element-66eb9df e-con-full e-flex e-con e-child\" data-id=\"66eb9df\" data-element_type=\"container\" data-e-type=\"container\">\n\t\t\t\t<div class=\"elementor-element elementor-element-64a511b elementor-widget elementor-widget-heading\" data-id=\"64a511b\" data-element_type=\"widget\" data-e-type=\"widget\" data-widget_type=\"heading.default\">\n\t\t\t\t<div class=\"elementor-widget-container\">\n\t\t\t\t\t<h2 class=\"elementor-heading-title elementor-size-default\">Envoyez-nous un message ou venez nous rendre visite<\/h2>\t\t\t\t<\/div>\n\t\t\t\t<\/div>\n\t\t\t\t<div class=\"elementor-element elementor-element-ae606c5 elementor-widget elementor-widget-text-editor\" data-id=\"ae606c5\" data-element_type=\"widget\" data-e-type=\"widget\" data-widget_type=\"text-editor.default\">\n\t\t\t\t<div class=\"elementor-widget-container\">\n\t\t\t\t\t\t\t\t\t<p>Nous aimerions avoir de vos nouvelles ! Que vous ayez une question, que vous souhaitiez en savoir plus sur nos services ou que vous soyez pr\u00eat \u00e0 collaborer, n&#8217;h\u00e9sitez pas \u00e0 nous contacter. Envoyez-nous un message et nous vous r\u00e9pondrons rapidement.  <\/p>\t\t\t\t\t\t\t\t<\/div>\n\t\t\t\t<\/div>\n\t\t\t\t<div class=\"elementor-element elementor-element-e8ad029 elementor-shape-circle elementor-grid-0 e-grid-align-center elementor-widget elementor-widget-social-icons\" data-id=\"e8ad029\" data-element_type=\"widget\" data-e-type=\"widget\" data-widget_type=\"social-icons.default\">\n\t\t\t\t<div class=\"elementor-widget-container\">\n\t\t\t\t\t\t\t<div class=\"elementor-social-icons-wrapper elementor-grid\" role=\"list\">\n\t\t\t\t\t\t\t<span class=\"elementor-grid-item\" role=\"listitem\">\n\t\t\t\t\t<a class=\"elementor-icon elementor-social-icon elementor-social-icon-facebook elementor-repeater-item-96066ed\" href=\"https:\/\/www.facebook.com\/inwurx\" target=\"_blank\">\n\t\t\t\t\t\t<span class=\"elementor-screen-only\">Facebook<\/span>\n\t\t\t\t\t\t<svg aria-hidden=\"true\" class=\"e-font-icon-svg e-fab-facebook\" viewBox=\"0 0 512 512\" xmlns=\"http:\/\/www.w3.org\/2000\/svg\"><path d=\"M504 256C504 119 393 8 256 8S8 119 8 256c0 123.78 90.69 226.38 209.25 245V327.69h-63V256h63v-54.64c0-62.15 37-96.48 93.67-96.48 27.14 0 55.52 4.84 55.52 4.84v61h-31.28c-30.8 0-40.41 19.12-40.41 38.73V256h68.78l-11 71.69h-57.78V501C413.31 482.38 504 379.78 504 256z\"><\/path><\/svg>\t\t\t\t\t<\/a>\n\t\t\t\t<\/span>\n\t\t\t\t\t\t\t<span class=\"elementor-grid-item\" role=\"listitem\">\n\t\t\t\t\t<a class=\"elementor-icon elementor-social-icon elementor-social-icon-twitter elementor-repeater-item-6e4419f\" href=\"https:\/\/twitter.com\/inwurx\" target=\"_blank\">\n\t\t\t\t\t\t<span class=\"elementor-screen-only\">Twitter<\/span>\n\t\t\t\t\t\t<svg aria-hidden=\"true\" class=\"e-font-icon-svg e-fab-twitter\" viewBox=\"0 0 512 512\" xmlns=\"http:\/\/www.w3.org\/2000\/svg\"><path d=\"M459.37 151.716c.325 4.548.325 9.097.325 13.645 0 138.72-105.583 298.558-298.558 298.558-59.452 0-114.68-17.219-161.137-47.106 8.447.974 16.568 1.299 25.34 1.299 49.055 0 94.213-16.568 130.274-44.832-46.132-.975-84.792-31.188-98.112-72.772 6.498.974 12.995 1.624 19.818 1.624 9.421 0 18.843-1.3 27.614-3.573-48.081-9.747-84.143-51.98-84.143-102.985v-1.299c13.969 7.797 30.214 12.67 47.431 13.319-28.264-18.843-46.781-51.005-46.781-87.391 0-19.492 5.197-37.36 14.294-52.954 51.655 63.675 129.3 105.258 216.365 109.807-1.624-7.797-2.599-15.918-2.599-24.04 0-57.828 46.782-104.934 104.934-104.934 30.213 0 57.502 12.67 76.67 33.137 23.715-4.548 46.456-13.32 66.599-25.34-7.798 24.366-24.366 44.833-46.132 57.827 21.117-2.273 41.584-8.122 60.426-16.243-14.292 20.791-32.161 39.308-52.628 54.253z\"><\/path><\/svg>\t\t\t\t\t<\/a>\n\t\t\t\t<\/span>\n\t\t\t\t\t<\/div>\n\t\t\t\t\t\t<\/div>\n\t\t\t\t<\/div>\n\t\t\t\t<\/div>\n\t\t<div class=\"elementor-element elementor-element-7df24dc e-con-full e-flex e-con e-child\" data-id=\"7df24dc\" data-element_type=\"container\" data-e-type=\"container\">\n\t\t\t\t<div class=\"elementor-element elementor-element-9a628a0 elementor-widget elementor-widget-shortcode\" data-id=\"9a628a0\" data-element_type=\"widget\" data-e-type=\"widget\" data-widget_type=\"shortcode.default\">\n\t\t\t\t<div class=\"elementor-widget-container\">\n\t\t\t\t\t\t\t<div class=\"elementor-shortcode\">[forminator_form id=\"1288\"]<\/div>\n\t\t\t\t\t\t<\/div>\n\t\t\t\t<\/div>\n\t\t\t\t<\/div>\n\t\t\t\t\t<\/div>\n\t\t\t\t<\/div>\n\t\t\t\t<\/div>\n\t\t","protected":false},"excerpt":{"rendered":"<p>Contactez nous Appelez-nous (514) 312-2718 Courriel info@inwurx.com Heures 9 h &#8211; 17 h | du lundi au vendredi Envoyez-nous un message ou venez nous rendre visite Nous aimerions avoir de vos nouvelles ! Que vous ayez une question, que vous souhaitiez en savoir plus sur nos services ou que vous soyez pr\u00eat \u00e0 collaborer, n&#8217;h\u00e9sitez [&hellip;]<\/p>\n","protected":false},"author":1,"featured_media":0,"parent":0,"menu_order":0,"comment_status":"closed","ping_status":"closed","template":"","meta":{"footnotes":""},"class_list":["post-3226","page","type-page","status-publish","hentry"],"yoast_head":"<!-- This site is optimized with the Yoast SEO plugin v27.3 - https:\/\/yoast.com\/product\/yoast-seo-wordpress\/ -->\n<title>Contact - Inwurx<\/title>\n<meta name=\"robots\" content=\"index, follow, max-snippet:-1, max-image-preview:large, max-video-preview:-1\" \/>\n<link rel=\"canonical\" href=\"https:\/\/inwurx.com\/contact\/\" \/>\n<meta property=\"og:locale\" content=\"fr_FR\" \/>\n<meta property=\"og:type\" content=\"article\" \/>\n<meta property=\"og:title\" content=\"Contact - Inwurx\" \/>\n<meta property=\"og:description\" content=\"Contactez nous Appelez-nous (514) 312-2718 Courriel info@inwurx.com Heures 9 h &#8211; 17 h | du lundi au vendredi Envoyez-nous un message ou venez nous rendre visite Nous aimerions avoir de vos nouvelles ! Que vous ayez une question, que vous souhaitiez en savoir plus sur nos services ou que vous soyez pr\u00eat \u00e0 collaborer, n&#8217;h\u00e9sitez [&hellip;]\" \/>\n<meta property=\"og:url\" content=\"https:\/\/inwurx.com\/contact\/\" \/>\n<meta property=\"og:site_name\" content=\"Inwurx\" \/>\n<meta property=\"article:modified_time\" content=\"2025-06-30T10:51:44+00:00\" \/>\n<meta property=\"og:image\" content=\"https:\/\/inwurx.com\/wp-content\/uploads\/2024\/07\/neve-marketing-icon-13.png\" \/>\n\t<meta property=\"og:image:width\" content=\"73\" \/>\n\t<meta property=\"og:image:height\" content=\"72\" \/>\n\t<meta property=\"og:image:type\" content=\"image\/png\" \/>\n<meta name=\"twitter:card\" content=\"summary_large_image\" \/>\n<script type=\"application\/ld+json\" class=\"yoast-schema-graph\">{\"@context\":\"https:\\\/\\\/schema.org\",\"@graph\":[{\"@type\":\"WebPage\",\"@id\":\"https:\\\/\\\/inwurx.com\\\/contact\\\/\",\"url\":\"https:\\\/\\\/inwurx.com\\\/contact\\\/\",\"name\":\"Contact - Inwurx\",\"isPartOf\":{\"@id\":\"https:\\\/\\\/inwurx.com\\\/#website\"},\"primaryImageOfPage\":{\"@id\":\"https:\\\/\\\/inwurx.com\\\/contact\\\/#primaryimage\"},\"image\":{\"@id\":\"https:\\\/\\\/inwurx.com\\\/contact\\\/#primaryimage\"},\"thumbnailUrl\":\"https:\\\/\\\/inwurx.com\\\/wp-content\\\/uploads\\\/2024\\\/07\\\/neve-marketing-icon-13.png\",\"datePublished\":\"2020-01-27T08:29:32+00:00\",\"dateModified\":\"2025-06-30T10:51:44+00:00\",\"breadcrumb\":{\"@id\":\"https:\\\/\\\/inwurx.com\\\/contact\\\/#breadcrumb\"},\"inLanguage\":\"fr-FR\",\"potentialAction\":[{\"@type\":\"ReadAction\",\"target\":[\"https:\\\/\\\/inwurx.com\\\/contact\\\/\"]}]},{\"@type\":\"ImageObject\",\"inLanguage\":\"fr-FR\",\"@id\":\"https:\\\/\\\/inwurx.com\\\/contact\\\/#primaryimage\",\"url\":\"https:\\\/\\\/inwurx.com\\\/wp-content\\\/uploads\\\/2024\\\/07\\\/neve-marketing-icon-13.png\",\"contentUrl\":\"https:\\\/\\\/inwurx.com\\\/wp-content\\\/uploads\\\/2024\\\/07\\\/neve-marketing-icon-13.png\"},{\"@type\":\"BreadcrumbList\",\"@id\":\"https:\\\/\\\/inwurx.com\\\/contact\\\/#breadcrumb\",\"itemListElement\":[{\"@type\":\"ListItem\",\"position\":1,\"name\":\"Home\",\"item\":\"https:\\\/\\\/inwurx.com\\\/fr\\\/\"},{\"@type\":\"ListItem\",\"position\":2,\"name\":\"Contact\"}]},{\"@type\":\"WebSite\",\"@id\":\"https:\\\/\\\/inwurx.com\\\/#website\",\"url\":\"https:\\\/\\\/inwurx.com\\\/\",\"name\":\"Inwurx\",\"description\":\"E-Commerce Growth &amp; PPC Experts Since 2013\",\"publisher\":{\"@id\":\"https:\\\/\\\/inwurx.com\\\/#organization\"},\"potentialAction\":[{\"@type\":\"SearchAction\",\"target\":{\"@type\":\"EntryPoint\",\"urlTemplate\":\"https:\\\/\\\/inwurx.com\\\/?s={search_term_string}\"},\"query-input\":{\"@type\":\"PropertyValueSpecification\",\"valueRequired\":true,\"valueName\":\"search_term_string\"}}],\"inLanguage\":\"fr-FR\"},{\"@type\":\"Organization\",\"@id\":\"https:\\\/\\\/inwurx.com\\\/#organization\",\"name\":\"Inwurx\",\"url\":\"https:\\\/\\\/inwurx.com\\\/\",\"logo\":{\"@type\":\"ImageObject\",\"inLanguage\":\"fr-FR\",\"@id\":\"https:\\\/\\\/inwurx.com\\\/#\\\/schema\\\/logo\\\/image\\\/\",\"url\":\"https:\\\/\\\/inwurx.com\\\/wp-content\\\/uploads\\\/2025\\\/08\\\/cropped-inwurx-logo-trademark-light.png\",\"contentUrl\":\"https:\\\/\\\/inwurx.com\\\/wp-content\\\/uploads\\\/2025\\\/08\\\/cropped-inwurx-logo-trademark-light.png\",\"width\":378,\"height\":108,\"caption\":\"Inwurx\"},\"image\":{\"@id\":\"https:\\\/\\\/inwurx.com\\\/#\\\/schema\\\/logo\\\/image\\\/\"}}]}<\/script>\n<!-- \/ Yoast SEO plugin. -->","yoast_head_json":{"title":"Contact - Inwurx","robots":{"index":"index","follow":"follow","max-snippet":"max-snippet:-1","max-image-preview":"max-image-preview:large","max-video-preview":"max-video-preview:-1"},"canonical":"https:\/\/inwurx.com\/contact\/","og_locale":"fr_FR","og_type":"article","og_title":"Contact - Inwurx","og_description":"Contactez nous Appelez-nous (514) 312-2718 Courriel info@inwurx.com Heures 9 h &#8211; 17 h | du lundi au vendredi Envoyez-nous un message ou venez nous rendre visite Nous aimerions avoir de vos nouvelles ! Que vous ayez une question, que vous souhaitiez en savoir plus sur nos services ou que vous soyez pr\u00eat \u00e0 collaborer, n&#8217;h\u00e9sitez [&hellip;]","og_url":"https:\/\/inwurx.com\/contact\/","og_site_name":"Inwurx","article_modified_time":"2025-06-30T10:51:44+00:00","og_image":[{"width":73,"height":72,"url":"https:\/\/inwurx.com\/wp-content\/uploads\/2024\/07\/neve-marketing-icon-13.png","type":"image\/png"}],"twitter_card":"summary_large_image","schema":{"@context":"https:\/\/schema.org","@graph":[{"@type":"WebPage","@id":"https:\/\/inwurx.com\/contact\/","url":"https:\/\/inwurx.com\/contact\/","name":"Contact - Inwurx","isPartOf":{"@id":"https:\/\/inwurx.com\/#website"},"primaryImageOfPage":{"@id":"https:\/\/inwurx.com\/contact\/#primaryimage"},"image":{"@id":"https:\/\/inwurx.com\/contact\/#primaryimage"},"thumbnailUrl":"https:\/\/inwurx.com\/wp-content\/uploads\/2024\/07\/neve-marketing-icon-13.png","datePublished":"2020-01-27T08:29:32+00:00","dateModified":"2025-06-30T10:51:44+00:00","breadcrumb":{"@id":"https:\/\/inwurx.com\/contact\/#breadcrumb"},"inLanguage":"fr-FR","potentialAction":[{"@type":"ReadAction","target":["https:\/\/inwurx.com\/contact\/"]}]},{"@type":"ImageObject","inLanguage":"fr-FR","@id":"https:\/\/inwurx.com\/contact\/#primaryimage","url":"https:\/\/inwurx.com\/wp-content\/uploads\/2024\/07\/neve-marketing-icon-13.png","contentUrl":"https:\/\/inwurx.com\/wp-content\/uploads\/2024\/07\/neve-marketing-icon-13.png"},{"@type":"BreadcrumbList","@id":"https:\/\/inwurx.com\/contact\/#breadcrumb","itemListElement":[{"@type":"ListItem","position":1,"name":"Home","item":"https:\/\/inwurx.com\/fr\/"},{"@type":"ListItem","position":2,"name":"Contact"}]},{"@type":"WebSite","@id":"https:\/\/inwurx.com\/#website","url":"https:\/\/inwurx.com\/","name":"Inwurx","description":"E-Commerce Growth &amp; PPC Experts Since 2013","publisher":{"@id":"https:\/\/inwurx.com\/#organization"},"potentialAction":[{"@type":"SearchAction","target":{"@type":"EntryPoint","urlTemplate":"https:\/\/inwurx.com\/?s={search_term_string}"},"query-input":{"@type":"PropertyValueSpecification","valueRequired":true,"valueName":"search_term_string"}}],"inLanguage":"fr-FR"},{"@type":"Organization","@id":"https:\/\/inwurx.com\/#organization","name":"Inwurx","url":"https:\/\/inwurx.com\/","logo":{"@type":"ImageObject","inLanguage":"fr-FR","@id":"https:\/\/inwurx.com\/#\/schema\/logo\/image\/","url":"https:\/\/inwurx.com\/wp-content\/uploads\/2025\/08\/cropped-inwurx-logo-trademark-light.png","contentUrl":"https:\/\/inwurx.com\/wp-content\/uploads\/2025\/08\/cropped-inwurx-logo-trademark-light.png","width":378,"height":108,"caption":"Inwurx"},"image":{"@id":"https:\/\/inwurx.com\/#\/schema\/logo\/image\/"}}]}},"_links":{"self":[{"href":"https:\/\/inwurx.com\/fr\/wp-json\/wp\/v2\/pages\/3226","targetHints":{"allow":["GET"]}}],"collection":[{"href":"https:\/\/inwurx.com\/fr\/wp-json\/wp\/v2\/pages"}],"about":[{"href":"https:\/\/inwurx.com\/fr\/wp-json\/wp\/v2\/types\/page"}],"author":[{"embeddable":true,"href":"https:\/\/inwurx.com\/fr\/wp-json\/wp\/v2\/users\/1"}],"replies":[{"embeddable":true,"href":"https:\/\/inwurx.com\/fr\/wp-json\/wp\/v2\/comments?post=3226"}],"version-history":[{"count":3,"href":"https:\/\/inwurx.com\/fr\/wp-json\/wp\/v2\/pages\/3226\/revisions"}],"predecessor-version":[{"id":3255,"href":"https:\/\/inwurx.com\/fr\/wp-json\/wp\/v2\/pages\/3226\/revisions\/3255"}],"wp:attachment":[{"href":"https:\/\/inwurx.com\/fr\/wp-json\/wp\/v2\/media?parent=3226"}],"curies":[{"name":"wp","href":"https:\/\/api.w.org\/{rel}","templated":true}]}}